{"id":15,"date":"2016-12-29T14:25:35","date_gmt":"2016-12-29T13:25:35","guid":{"rendered":"http:\/\/www.iocentro.it\/?page_id=15"},"modified":"2023-07-24T12:27:11","modified_gmt":"2023-07-24T10:27:11","slug":"15-2","status":"publish","type":"page","link":"https:\/\/www.iocentro.it\/","title":{"rendered":"IO CENTRO ETS"},"content":{"rendered":"<h2>IO CENTRO ETS<\/h2>\n","protected":false},"excerpt":{"rendered":"<p>IO CENTRO ETS<\/p>\n","protected":false},"author":5,"featured_media":0,"parent":0,"menu_order":0,"comment_status":"closed","ping_status":"closed","template":"","meta":{"jetpack_post_was_ever_published":false},"yoast_head":"<!-- This site is optimized with the Yoast SEO plugin v20.4 - https:\/\/yoast.com\/wordpress\/plugins\/seo\/ -->\r\n<title>IO CENTRO ETS - IO CENTRO ETS<\/title>\r\n<meta name=\"robots\" content=\"index, follow, max-snippet:-1, max-image-preview:large, max-video-preview:-1\" \/>\r\n<link rel=\"canonical\" href=\"https:\/\/www.iocentro.it\/\" \/>\r\n<meta property=\"og:locale\" content=\"it_IT\" \/>\r\n<meta property=\"og:type\" content=\"article\" \/>\r\n<meta property=\"og:title\" content=\"IO CENTRO ETS - IO CENTRO ETS\" \/>\r\n<meta property=\"og:description\" content=\"IO CENTRO ETS\" \/>\r\n<meta property=\"og:url\" content=\"https:\/\/www.iocentro.it\/\" \/>\r\n<meta property=\"og:site_name\" content=\"IO CENTRO ETS\" \/>\r\n<meta property=\"article:modified_time\" content=\"2023-07-24T10:27:11+00:00\" \/>\r\n<meta name=\"twitter:card\" content=\"summary_large_image\" \/>\r\n<meta name=\"twitter:label1\" content=\"Tempo di lettura stimato\" \/>\n\t<meta name=\"twitter:data1\" content=\"1 minuto\" \/>\r\n<script type=\"application\/ld+json\" class=\"yoast-schema-graph\">{\"@context\":\"https:\/\/schema.org\",\"@graph\":[{\"@type\":\"WebPage\",\"@id\":\"https:\/\/www.iocentro.it\/\",\"url\":\"https:\/\/www.iocentro.it\/\",\"name\":\"IO CENTRO ETS - IO CENTRO ETS\",\"isPartOf\":{\"@id\":\"https:\/\/www.iocentro.it\/#website\"},\"datePublished\":\"2016-12-29T13:25:35+00:00\",\"dateModified\":\"2023-07-24T10:27:11+00:00\",\"breadcrumb\":{\"@id\":\"https:\/\/www.iocentro.it\/#breadcrumb\"},\"inLanguage\":\"it-IT\",\"potentialAction\":[{\"@type\":\"ReadAction\",\"target\":[\"https:\/\/www.iocentro.it\/\"]}]},{\"@type\":\"BreadcrumbList\",\"@id\":\"https:\/\/www.iocentro.it\/#breadcrumb\",\"itemListElement\":[{\"@type\":\"ListItem\",\"position\":1,\"name\":\"Home\",\"item\":\"https:\/\/www.iocentro.it\/\"},{\"@type\":\"ListItem\",\"position\":2,\"name\":\"IO CENTRO ETS\"}]},{\"@type\":\"WebSite\",\"@id\":\"https:\/\/www.iocentro.it\/#website\",\"url\":\"https:\/\/www.iocentro.it\/\",\"name\":\"IO CENTRO ETS\",\"description\":\"\",\"publisher\":{\"@id\":\"https:\/\/www.iocentro.it\/#organization\"},\"potentialAction\":[{\"@type\":\"SearchAction\",\"target\":{\"@type\":\"EntryPoint\",\"urlTemplate\":\"https:\/\/www.iocentro.it\/?s={search_term_string}\"},\"query-input\":\"required name=search_term_string\"}],\"inLanguage\":\"it-IT\"},{\"@type\":\"Organization\",\"@id\":\"https:\/\/www.iocentro.it\/#organization\",\"name\":\"Il Centro Onlus\",\"url\":\"https:\/\/www.iocentro.it\/\",\"logo\":{\"@type\":\"ImageObject\",\"inLanguage\":\"it-IT\",\"@id\":\"https:\/\/www.iocentro.it\/#\/schema\/logo\/image\/\",\"url\":\"https:\/\/i0.wp.com\/www.iocentro.it\/wp-content\/uploads\/2016\/11\/11752500_864253846944141_6257452516392300229_n.jpg?fit=200%2C200&ssl=1\",\"contentUrl\":\"https:\/\/i0.wp.com\/www.iocentro.it\/wp-content\/uploads\/2016\/11\/11752500_864253846944141_6257452516392300229_n.jpg?fit=200%2C200&ssl=1\",\"width\":200,\"height\":200,\"caption\":\"Il Centro Onlus\"},\"image\":{\"@id\":\"https:\/\/www.iocentro.it\/#\/schema\/logo\/image\/\"}}]}<\/script>\r\n<!-- \/ Yoast SEO plugin. -->","yoast_head_json":{"title":"IO CENTRO ETS - IO CENTRO ETS","robots":{"index":"index","follow":"follow","max-snippet":"max-snippet:-1","max-image-preview":"max-image-preview:large","max-video-preview":"max-video-preview:-1"},"canonical":"https:\/\/www.iocentro.it\/","og_locale":"it_IT","og_type":"article","og_title":"IO CENTRO ETS - IO CENTRO ETS","og_description":"IO CENTRO ETS","og_url":"https:\/\/www.iocentro.it\/","og_site_name":"IO CENTRO ETS","article_modified_time":"2023-07-24T10:27:11+00:00","twitter_card":"summary_large_image","twitter_misc":{"Tempo di lettura stimato":"1 minuto"},"schema":{"@context":"https:\/\/schema.org","@graph":[{"@type":"WebPage","@id":"https:\/\/www.iocentro.it\/","url":"https:\/\/www.iocentro.it\/","name":"IO CENTRO ETS - IO CENTRO ETS","isPartOf":{"@id":"https:\/\/www.iocentro.it\/#website"},"datePublished":"2016-12-29T13:25:35+00:00","dateModified":"2023-07-24T10:27:11+00:00","breadcrumb":{"@id":"https:\/\/www.iocentro.it\/#breadcrumb"},"inLanguage":"it-IT","potentialAction":[{"@type":"ReadAction","target":["https:\/\/www.iocentro.it\/"]}]},{"@type":"BreadcrumbList","@id":"https:\/\/www.iocentro.it\/#breadcrumb","itemListElement":[{"@type":"ListItem","position":1,"name":"Home","item":"https:\/\/www.iocentro.it\/"},{"@type":"ListItem","position":2,"name":"IO CENTRO ETS"}]},{"@type":"WebSite","@id":"https:\/\/www.iocentro.it\/#website","url":"https:\/\/www.iocentro.it\/","name":"IO CENTRO ETS","description":"","publisher":{"@id":"https:\/\/www.iocentro.it\/#organization"},"potentialAction":[{"@type":"SearchAction","target":{"@type":"EntryPoint","urlTemplate":"https:\/\/www.iocentro.it\/?s={search_term_string}"},"query-input":"required name=search_term_string"}],"inLanguage":"it-IT"},{"@type":"Organization","@id":"https:\/\/www.iocentro.it\/#organization","name":"Il Centro Onlus","url":"https:\/\/www.iocentro.it\/","logo":{"@type":"ImageObject","inLanguage":"it-IT","@id":"https:\/\/www.iocentro.it\/#\/schema\/logo\/image\/","url":"https:\/\/i0.wp.com\/www.iocentro.it\/wp-content\/uploads\/2016\/11\/11752500_864253846944141_6257452516392300229_n.jpg?fit=200%2C200&ssl=1","contentUrl":"https:\/\/i0.wp.com\/www.iocentro.it\/wp-content\/uploads\/2016\/11\/11752500_864253846944141_6257452516392300229_n.jpg?fit=200%2C200&ssl=1","width":200,"height":200,"caption":"Il Centro Onlus"},"image":{"@id":"https:\/\/www.iocentro.it\/#\/schema\/logo\/image\/"}}]}},"jetpack_sharing_enabled":true,"jetpack_shortlink":"https:\/\/wp.me\/P8kDNl-f","jetpack-related-posts":[{"id":406,"url":"https:\/\/www.iocentro.it\/index.php\/centro-tutti-centriamo\/","url_meta":{"origin":15,"position":0},"title":"Io c&#8217;entro, tutti c&#8217;entriamo!","date":false,"format":false,"excerpt":"Verso un'ecologia della mente solidale Abitiamo questo pianeta da millenni e stiamo solo crescendo numericamente. Lo occuperemo fino a farlo scoppiare. Per avere pi\u00f9 spazio non servir\u00e0 sgomitare sullo stomaco dell'altro. Abitare uno spazio non significher\u00e0 mai occuparlo, ma farselo proprio, sentirlo ed amarlo. Una mente sola pu\u00f2 solo tentare\u2026","rel":"","context":"Articolo simile","img":{"alt_text":"","src":"https:\/\/i0.wp.com\/www.iocentro.it\/wp-content\/uploads\/2019\/03\/Il-centro-Onlus-Centro-Permanente-di-Prevenzione-alle-Tossicodipendenze-2-1-300x300.png?resize=350%2C200","width":350,"height":200},"classes":[]},{"id":200,"url":"https:\/\/www.iocentro.it\/index.php\/testimonianze\/","url_meta":{"origin":15,"position":1},"title":"Testimonianze","date":false,"format":false,"excerpt":"\u00a0 Io continuo a far passare le mie\u00a0giornate convinto del fatto che sono vicino alla m\u00e8ta ed in me c\u2019\u00e8 la certezza di essere quasi arrivato. Questo mi rende fiero, ma sento che mi manca qualcosa: la libert\u00e0. Ho iniziato questa giornata veramente col malumore, ma veramente devo dire che\u2026","rel":"","context":"Articolo simile","img":{"alt_text":"","src":"https:\/\/i0.wp.com\/www.iocentro.it\/wp-content\/uploads\/2017\/05\/2017-15-6-17-33-03-300x225.jpeg?resize=350%2C200","width":350,"height":200},"classes":[]},{"id":626,"url":"https:\/\/www.iocentro.it\/index.php\/centro-clinico-blu-klein\/","url_meta":{"origin":15,"position":2},"title":"Centro Clinico Blu Klein","date":false,"format":false,"excerpt":"Nel 2015, come Servizio aggiuntivo al nostro Centro, nasce il\u00a0Centro Clinico Blu Klein. L'obiettivo del Centro Clinico \u00e8 quello di rispondere alle molteplici esigenze di intervento psicosociale che vanno oltre i servizi offerti dalla comunit\u00e0 e di offrire un sostegno psicologico a prezzi contenuti, rendendo cos\u00ec il benessere psicologico e\u2026","rel":"","context":"Articolo simile","img":{"alt_text":"","src":"","width":0,"height":0},"classes":[]},{"id":20,"url":"https:\/\/www.iocentro.it\/index.php\/la-nostra-storia\/","url_meta":{"origin":15,"position":3},"title":"La Nostra Storia","date":false,"format":false,"excerpt":"Il Centro lavora da 39 anni a contatto con il disagio giovanile, con particolare attenzione ai problemi della tossicodipendenza e della devianza. Quando Casal Bertone diventa un quartiere caldo in cui il fenomeno droga appena emergente si connota come un problema drammaticamente visibile, alcuni genitori del quartiere decidono di non\u2026","rel":"","context":"Articolo simile","img":{"alt_text":"","src":"https:\/\/i0.wp.com\/www.iocentro.it\/wp-content\/uploads\/2019\/03\/Il-centro-Onlus-Centro-Permanente-di-Prevenzione-alle-Tossicodipendenze-2-2-200x300.png?resize=350%2C200","width":350,"height":200},"classes":[]},{"id":614,"url":"https:\/\/www.iocentro.it\/index.php\/tirocini-formativi\/","url_meta":{"origin":15,"position":4},"title":"Tirocini formativi","date":false,"format":false,"excerpt":"Il Centro \u00e8 convenzionato con le Facolt\u00e0 di Psicologia di diverse Universit\u00e0 per lo svolgimento del tirocinio formativo post lauream. In particolare, sono convenzionati 3 posti a semestre con l'Universit\u00e0 \"Sapienza\" di Roma. Presso Il Centro \u00e8 possibile effettuare inoltre il tirocinio formativo per la Scuola di specializzazione in psicoterapia.\u2026","rel":"","context":"Articolo simile","img":{"alt_text":"","src":"","width":0,"height":0},"classes":[]},{"id":29,"url":"https:\/\/www.iocentro.it\/index.php\/link\/","url_meta":{"origin":15,"position":5},"title":"Link","date":false,"format":false,"excerpt":"Dipartimento Politiche Antidroga Centro Clinico Blu Klein\u00a0\u25cf\u00a0Blu Klein \u00e8 un gruppo di Psicologi e Psicoterapeuti impegnati nello sviluppo della Persona e del suo pieno Benessere psicofisico. Offre vari servizi di tipo psicoterapeutico (individuale, di gruppo, di coppia, infantile), training di rilassamento, cineterapia, servizi di formazione e supervisione, seminari e workshop\u00a0a\u2026","rel":"","context":"Articolo simile","img":{"alt_text":"","src":"","width":0,"height":0},"classes":[]}],"_links":{"self":[{"href":"https:\/\/www.iocentro.it\/index.php\/wp-json\/wp\/v2\/pages\/15"}],"collection":[{"href":"https:\/\/www.iocentro.it\/index.php\/wp-json\/wp\/v2\/pages"}],"about":[{"href":"https:\/\/www.iocentro.it\/index.php\/wp-json\/wp\/v2\/types\/page"}],"author":[{"embeddable":true,"href":"https:\/\/www.iocentro.it\/index.php\/wp-json\/wp\/v2\/users\/5"}],"replies":[{"embeddable":true,"href":"https:\/\/www.iocentro.it\/index.php\/wp-json\/wp\/v2\/comments?post=15"}],"version-history":[{"count":16,"href":"https:\/\/www.iocentro.it\/index.php\/wp-json\/wp\/v2\/pages\/15\/revisions"}],"predecessor-version":[{"id":1042,"href":"https:\/\/www.iocentro.it\/index.php\/wp-json\/wp\/v2\/pages\/15\/revisions\/1042"}],"wp:attachment":[{"href":"https:\/\/www.iocentro.it\/index.php\/wp-json\/wp\/v2\/media?parent=15"}],"curies":[{"name":"wp","href":"https:\/\/api.w.org\/{rel}","templated":true}]}}