{"id":626,"date":"2019-03-07T16:18:12","date_gmt":"2019-03-07T15:18:12","guid":{"rendered":"http:\/\/www.iocentro.it\/?page_id=626"},"modified":"2019-11-03T18:54:46","modified_gmt":"2019-11-03T17:54:46","slug":"centro-clinico-blu-klein","status":"publish","type":"page","link":"https:\/\/www.iocentro.it\/index.php\/centro-clinico-blu-klein\/","title":{"rendered":"Centro Clinico Blu Klein"},"content":{"rendered":"<h4 style=\"text-align: center;\">Nel 2015, come Servizio aggiuntivo al nostro Centro, nasce<\/h4>\n<h4 style=\"text-align: center;\">il\u00a0<em><strong><a class=\"customize-unpreviewable\" href=\"https:\/\/centroclinicobluklein.wordpress.com\/\" target=\"_blank\" rel=\"noopener noreferrer\">Centro Clinico Blu Klein.<\/a><\/strong><\/em><\/h4>\n<p><img data-attachment-id=\"644\" data-permalink=\"https:\/\/www.iocentro.it\/index.php\/centro-clinico-blu-klein\/centro-clinico-blueklein-il-centro-onlus-centro-permanente-di-prevenzione-e-trattamento-alle-tossicodipendenze\/\" data-orig-file=\"https:\/\/i0.wp.com\/www.iocentro.it\/wp-content\/uploads\/2019\/03\/Centro-Clinico-BlueKlein-Il-centro-Onlus-Centro-Permanente-di-Prevenzione-e-Trattamento-alle-Tossicodipendenze.jpg?fit=430%2C117&amp;ssl=1\" data-orig-size=\"430,117\" data-comments-opened=\"1\" data-image-meta=\"{&quot;aperture&quot;:&quot;0&quot;,&quot;credit&quot;:&quot;&quot;,&quot;camera&quot;:&quot;&quot;,&quot;caption&quot;:&quot;&quot;,&quot;created_timestamp&quot;:&quot;0&quot;,&quot;copyright&quot;:&quot;&quot;,&quot;focal_length&quot;:&quot;0&quot;,&quot;iso&quot;:&quot;0&quot;,&quot;shutter_speed&quot;:&quot;0&quot;,&quot;title&quot;:&quot;&quot;,&quot;orientation&quot;:&quot;0&quot;}\" data-image-title=\"Centro Clinico BlueKlein Il centro Onlus Centro Permanente di Prevenzione e Trattamento alle Tossicodipendenze\" data-image-description=\"\" data-image-caption=\"\" data-medium-file=\"https:\/\/i0.wp.com\/www.iocentro.it\/wp-content\/uploads\/2019\/03\/Centro-Clinico-BlueKlein-Il-centro-Onlus-Centro-Permanente-di-Prevenzione-e-Trattamento-alle-Tossicodipendenze.jpg?fit=300%2C82&amp;ssl=1\" data-large-file=\"https:\/\/i0.wp.com\/www.iocentro.it\/wp-content\/uploads\/2019\/03\/Centro-Clinico-BlueKlein-Il-centro-Onlus-Centro-Permanente-di-Prevenzione-e-Trattamento-alle-Tossicodipendenze.jpg?fit=430%2C117&amp;ssl=1\" decoding=\"async\" loading=\"lazy\" class=\" size-full wp-image-644 aligncenter\" src=\"https:\/\/i0.wp.com\/www.iocentro.it\/wp-content\/uploads\/2019\/03\/Centro-Clinico-BlueKlein-Il-centro-Onlus-Centro-Permanente-di-Prevenzione-e-Trattamento-alle-Tossicodipendenze.jpg?resize=430%2C117\" alt=\"Centro Clinico BlueKlein Il centro Onlus Centro Permanente di Prevenzione e Trattamento alle Tossicodipendenze\" width=\"430\" height=\"117\" srcset=\"https:\/\/i0.wp.com\/www.iocentro.it\/wp-content\/uploads\/2019\/03\/Centro-Clinico-BlueKlein-Il-centro-Onlus-Centro-Permanente-di-Prevenzione-e-Trattamento-alle-Tossicodipendenze.jpg?w=430&amp;ssl=1 430w, https:\/\/i0.wp.com\/www.iocentro.it\/wp-content\/uploads\/2019\/03\/Centro-Clinico-BlueKlein-Il-centro-Onlus-Centro-Permanente-di-Prevenzione-e-Trattamento-alle-Tossicodipendenze.jpg?resize=300%2C82&amp;ssl=1 300w\" sizes=\"(max-width: 430px) 100vw, 430px\" data-recalc-dims=\"1\" \/><\/p>\n<p style=\"text-align: center;\">L&#8217;obiettivo del Centro Clinico \u00e8 quello di rispondere alle molteplici esigenze di intervento psicosociale che vanno oltre i servizi offerti dalla comunit\u00e0 e di <strong>offrire un sostegno psicologico a prezzi contenuti<\/strong>, rendendo cos\u00ec il benessere psicologico e il diritto alla salute mentale alla portata di tutti.<\/p>\n<p>Per informazioni e appuntamenti sulle prestazioni offerte puoi:<\/p>\n<ul>\n<li>\u00a0Telefonare allo 06 4382379 o al 347 4728757 (dal luned\u00ec al venerd\u00ec, dalle 9 alle 18);<\/li>\n<li>Scriverci a centroclinicobluklein@gmail.com;<\/li>\n<li>Visitare la nostra pagina facebook <a href=\"https:\/\/www.facebook.com\/consulenzapsicologicacasalbertone\/?ref=bookmarks\">Centro Clinico Blu Klein<\/a> oppure il nostro sito <a href=\"https:\/\/centroclinicobluklein.wordpress.com\/\"><span style=\"color: #0000ff;\">https:\/\/centroclinicobluklein.wordpress.com\/<\/span> <\/a><\/li>\n<\/ul>\n<p style=\"text-align: center;\">Ti aspettiamo!<\/p>\n\n\n<p><\/p>\n","protected":false},"excerpt":{"rendered":"<p>Nel 2015, come Servizio aggiuntivo al nostro Centro, nasce il\u00a0Centro Clinico Blu Klein. L&#8217;obiettivo del Centro Clinico \u00e8 quello di rispondere alle molteplici esigenze di intervento psicosociale che vanno oltre i servizi offerti dalla&#46;&#46;&#46;<\/p>\n","protected":false},"author":4,"featured_media":0,"parent":0,"menu_order":0,"comment_status":"closed","ping_status":"closed","template":"","meta":{"jetpack_post_was_ever_published":false},"yoast_head":"<!-- This site is optimized with the Yoast SEO plugin v20.4 - https:\/\/yoast.com\/wordpress\/plugins\/seo\/ -->\r\n<title>Centro Clinico Blu Klein - IO CENTRO ETS<\/title>\r\n<meta name=\"robots\" content=\"index, follow, max-snippet:-1, max-image-preview:large, max-video-preview:-1\" \/>\r\n<link rel=\"canonical\" href=\"https:\/\/www.iocentro.it\/index.php\/centro-clinico-blu-klein\/\" \/>\r\n<meta property=\"og:locale\" content=\"it_IT\" \/>\r\n<meta property=\"og:type\" content=\"article\" \/>\r\n<meta property=\"og:title\" content=\"Centro Clinico Blu Klein - IO CENTRO ETS\" \/>\r\n<meta property=\"og:description\" content=\"Nel 2015, come Servizio aggiuntivo al nostro Centro, nasce il\u00a0Centro Clinico Blu Klein. L&#8217;obiettivo del Centro Clinico \u00e8 quello di rispondere alle molteplici esigenze di intervento psicosociale che vanno oltre i servizi offerti dalla&#046;&#046;&#046;\" \/>\r\n<meta property=\"og:url\" content=\"https:\/\/www.iocentro.it\/index.php\/centro-clinico-blu-klein\/\" \/>\r\n<meta property=\"og:site_name\" content=\"IO CENTRO ETS\" \/>\r\n<meta property=\"article:modified_time\" content=\"2019-11-03T17:54:46+00:00\" \/>\r\n<meta property=\"og:image\" content=\"http:\/\/www.iocentro.it\/wp-content\/uploads\/2019\/03\/Centro-Clinico-BlueKlein-Il-centro-Onlus-Centro-Permanente-di-Prevenzione-e-Trattamento-alle-Tossicodipendenze.jpg\" \/>\r\n<meta name=\"twitter:card\" content=\"summary_large_image\" \/>\r\n<meta name=\"twitter:label1\" content=\"Tempo di lettura stimato\" \/>\n\t<meta name=\"twitter:data1\" content=\"1 minuto\" \/>\r\n<script type=\"application\/ld+json\" class=\"yoast-schema-graph\">{\"@context\":\"https:\/\/schema.org\",\"@graph\":[{\"@type\":\"WebPage\",\"@id\":\"https:\/\/www.iocentro.it\/index.php\/centro-clinico-blu-klein\/\",\"url\":\"https:\/\/www.iocentro.it\/index.php\/centro-clinico-blu-klein\/\",\"name\":\"Centro Clinico Blu Klein - IO CENTRO ETS\",\"isPartOf\":{\"@id\":\"https:\/\/www.iocentro.it\/#website\"},\"datePublished\":\"2019-03-07T15:18:12+00:00\",\"dateModified\":\"2019-11-03T17:54:46+00:00\",\"breadcrumb\":{\"@id\":\"https:\/\/www.iocentro.it\/index.php\/centro-clinico-blu-klein\/#breadcrumb\"},\"inLanguage\":\"it-IT\",\"potentialAction\":[{\"@type\":\"ReadAction\",\"target\":[\"https:\/\/www.iocentro.it\/index.php\/centro-clinico-blu-klein\/\"]}]},{\"@type\":\"BreadcrumbList\",\"@id\":\"https:\/\/www.iocentro.it\/index.php\/centro-clinico-blu-klein\/#breadcrumb\",\"itemListElement\":[{\"@type\":\"ListItem\",\"position\":1,\"name\":\"Home\",\"item\":\"https:\/\/www.iocentro.it\/\"},{\"@type\":\"ListItem\",\"position\":2,\"name\":\"Centro Clinico Blu Klein\"}]},{\"@type\":\"WebSite\",\"@id\":\"https:\/\/www.iocentro.it\/#website\",\"url\":\"https:\/\/www.iocentro.it\/\",\"name\":\"IO CENTRO ETS\",\"description\":\"\",\"publisher\":{\"@id\":\"https:\/\/www.iocentro.it\/#organization\"},\"potentialAction\":[{\"@type\":\"SearchAction\",\"target\":{\"@type\":\"EntryPoint\",\"urlTemplate\":\"https:\/\/www.iocentro.it\/?s={search_term_string}\"},\"query-input\":\"required name=search_term_string\"}],\"inLanguage\":\"it-IT\"},{\"@type\":\"Organization\",\"@id\":\"https:\/\/www.iocentro.it\/#organization\",\"name\":\"Il Centro Onlus\",\"url\":\"https:\/\/www.iocentro.it\/\",\"logo\":{\"@type\":\"ImageObject\",\"inLanguage\":\"it-IT\",\"@id\":\"https:\/\/www.iocentro.it\/#\/schema\/logo\/image\/\",\"url\":\"https:\/\/i0.wp.com\/www.iocentro.it\/wp-content\/uploads\/2016\/11\/11752500_864253846944141_6257452516392300229_n.jpg?fit=200%2C200&ssl=1\",\"contentUrl\":\"https:\/\/i0.wp.com\/www.iocentro.it\/wp-content\/uploads\/2016\/11\/11752500_864253846944141_6257452516392300229_n.jpg?fit=200%2C200&ssl=1\",\"width\":200,\"height\":200,\"caption\":\"Il Centro Onlus\"},\"image\":{\"@id\":\"https:\/\/www.iocentro.it\/#\/schema\/logo\/image\/\"}}]}<\/script>\r\n<!-- \/ Yoast SEO plugin. -->","yoast_head_json":{"title":"Centro Clinico Blu Klein - IO CENTRO ETS","robots":{"index":"index","follow":"follow","max-snippet":"max-snippet:-1","max-image-preview":"max-image-preview:large","max-video-preview":"max-video-preview:-1"},"canonical":"https:\/\/www.iocentro.it\/index.php\/centro-clinico-blu-klein\/","og_locale":"it_IT","og_type":"article","og_title":"Centro Clinico Blu Klein - IO CENTRO ETS","og_description":"Nel 2015, come Servizio aggiuntivo al nostro Centro, nasce il\u00a0Centro Clinico Blu Klein. L&#8217;obiettivo del Centro Clinico \u00e8 quello di rispondere alle molteplici esigenze di intervento psicosociale che vanno oltre i servizi offerti dalla&#46;&#46;&#46;","og_url":"https:\/\/www.iocentro.it\/index.php\/centro-clinico-blu-klein\/","og_site_name":"IO CENTRO ETS","article_modified_time":"2019-11-03T17:54:46+00:00","og_image":[{"url":"http:\/\/www.iocentro.it\/wp-content\/uploads\/2019\/03\/Centro-Clinico-BlueKlein-Il-centro-Onlus-Centro-Permanente-di-Prevenzione-e-Trattamento-alle-Tossicodipendenze.jpg"}],"twitter_card":"summary_large_image","twitter_misc":{"Tempo di lettura stimato":"1 minuto"},"schema":{"@context":"https:\/\/schema.org","@graph":[{"@type":"WebPage","@id":"https:\/\/www.iocentro.it\/index.php\/centro-clinico-blu-klein\/","url":"https:\/\/www.iocentro.it\/index.php\/centro-clinico-blu-klein\/","name":"Centro Clinico Blu Klein - IO CENTRO ETS","isPartOf":{"@id":"https:\/\/www.iocentro.it\/#website"},"datePublished":"2019-03-07T15:18:12+00:00","dateModified":"2019-11-03T17:54:46+00:00","breadcrumb":{"@id":"https:\/\/www.iocentro.it\/index.php\/centro-clinico-blu-klein\/#breadcrumb"},"inLanguage":"it-IT","potentialAction":[{"@type":"ReadAction","target":["https:\/\/www.iocentro.it\/index.php\/centro-clinico-blu-klein\/"]}]},{"@type":"BreadcrumbList","@id":"https:\/\/www.iocentro.it\/index.php\/centro-clinico-blu-klein\/#breadcrumb","itemListElement":[{"@type":"ListItem","position":1,"name":"Home","item":"https:\/\/www.iocentro.it\/"},{"@type":"ListItem","position":2,"name":"Centro Clinico Blu Klein"}]},{"@type":"WebSite","@id":"https:\/\/www.iocentro.it\/#website","url":"https:\/\/www.iocentro.it\/","name":"IO CENTRO ETS","description":"","publisher":{"@id":"https:\/\/www.iocentro.it\/#organization"},"potentialAction":[{"@type":"SearchAction","target":{"@type":"EntryPoint","urlTemplate":"https:\/\/www.iocentro.it\/?s={search_term_string}"},"query-input":"required name=search_term_string"}],"inLanguage":"it-IT"},{"@type":"Organization","@id":"https:\/\/www.iocentro.it\/#organization","name":"Il Centro Onlus","url":"https:\/\/www.iocentro.it\/","logo":{"@type":"ImageObject","inLanguage":"it-IT","@id":"https:\/\/www.iocentro.it\/#\/schema\/logo\/image\/","url":"https:\/\/i0.wp.com\/www.iocentro.it\/wp-content\/uploads\/2016\/11\/11752500_864253846944141_6257452516392300229_n.jpg?fit=200%2C200&ssl=1","contentUrl":"https:\/\/i0.wp.com\/www.iocentro.it\/wp-content\/uploads\/2016\/11\/11752500_864253846944141_6257452516392300229_n.jpg?fit=200%2C200&ssl=1","width":200,"height":200,"caption":"Il Centro Onlus"},"image":{"@id":"https:\/\/www.iocentro.it\/#\/schema\/logo\/image\/"}}]}},"jetpack_sharing_enabled":true,"jetpack_shortlink":"https:\/\/wp.me\/P8kDNl-a6","jetpack-related-posts":[{"id":29,"url":"https:\/\/www.iocentro.it\/index.php\/link\/","url_meta":{"origin":626,"position":0},"title":"Link","date":false,"format":false,"excerpt":"Dipartimento Politiche Antidroga Centro Clinico Blu Klein\u00a0\u25cf\u00a0Blu Klein \u00e8 un gruppo di Psicologi e Psicoterapeuti impegnati nello sviluppo della Persona e del suo pieno Benessere psicofisico. Offre vari servizi di tipo psicoterapeutico (individuale, di gruppo, di coppia, infantile), training di rilassamento, cineterapia, servizi di formazione e supervisione, seminari e workshop\u00a0a\u2026","rel":"","context":"Articolo simile","img":{"alt_text":"","src":"","width":0,"height":0},"classes":[]},{"id":406,"url":"https:\/\/www.iocentro.it\/index.php\/centro-tutti-centriamo\/","url_meta":{"origin":626,"position":1},"title":"Io c&#8217;entro, tutti c&#8217;entriamo!","date":false,"format":false,"excerpt":"Verso un'ecologia della mente solidale Abitiamo questo pianeta da millenni e stiamo solo crescendo numericamente. Lo occuperemo fino a farlo scoppiare. Per avere pi\u00f9 spazio non servir\u00e0 sgomitare sullo stomaco dell'altro. Abitare uno spazio non significher\u00e0 mai occuparlo, ma farselo proprio, sentirlo ed amarlo. Una mente sola pu\u00f2 solo tentare\u2026","rel":"","context":"Articolo simile","img":{"alt_text":"","src":"https:\/\/i0.wp.com\/www.iocentro.it\/wp-content\/uploads\/2019\/03\/Il-centro-Onlus-Centro-Permanente-di-Prevenzione-alle-Tossicodipendenze-2-1-300x300.png?resize=350%2C200","width":350,"height":200},"classes":[]},{"id":200,"url":"https:\/\/www.iocentro.it\/index.php\/testimonianze\/","url_meta":{"origin":626,"position":2},"title":"Testimonianze","date":false,"format":false,"excerpt":"\u00a0 Io continuo a far passare le mie\u00a0giornate convinto del fatto che sono vicino alla m\u00e8ta ed in me c\u2019\u00e8 la certezza di essere quasi arrivato. Questo mi rende fiero, ma sento che mi manca qualcosa: la libert\u00e0. Ho iniziato questa giornata veramente col malumore, ma veramente devo dire che\u2026","rel":"","context":"Articolo simile","img":{"alt_text":"","src":"https:\/\/i0.wp.com\/www.iocentro.it\/wp-content\/uploads\/2017\/05\/2017-15-6-17-33-03-300x225.jpeg?resize=350%2C200","width":350,"height":200},"classes":[]},{"id":81,"url":"https:\/\/www.iocentro.it\/index.php\/servizi\/","url_meta":{"origin":626,"position":3},"title":"Servizi","date":false,"format":false,"excerpt":"Psicoterapia (individuale, di coppia, di gruppo) Sostegno alla genitorialit\u00e0 e familiare Servizio di psicodiagnostica Consulenza e orientamento psicologico Progetti terapeutici diurni (Servizio Accreditato Regione Lazio N. 8 Posti) Progetti formativi rivolti ad enti pubblici e privati Supervisione clinica","rel":"","context":"Articolo simile","img":{"alt_text":"","src":"","width":0,"height":0},"classes":[]},{"id":20,"url":"https:\/\/www.iocentro.it\/index.php\/la-nostra-storia\/","url_meta":{"origin":626,"position":4},"title":"La Nostra Storia","date":false,"format":false,"excerpt":"Il Centro lavora da 39 anni a contatto con il disagio giovanile, con particolare attenzione ai problemi della tossicodipendenza e della devianza. Quando Casal Bertone diventa un quartiere caldo in cui il fenomeno droga appena emergente si connota come un problema drammaticamente visibile, alcuni genitori del quartiere decidono di non\u2026","rel":"","context":"Articolo simile","img":{"alt_text":"","src":"https:\/\/i0.wp.com\/www.iocentro.it\/wp-content\/uploads\/2019\/03\/Il-centro-Onlus-Centro-Permanente-di-Prevenzione-alle-Tossicodipendenze-2-2-200x300.png?resize=350%2C200","width":350,"height":200},"classes":[]},{"id":614,"url":"https:\/\/www.iocentro.it\/index.php\/tirocini-formativi\/","url_meta":{"origin":626,"position":5},"title":"Tirocini formativi","date":false,"format":false,"excerpt":"Il Centro \u00e8 convenzionato con le Facolt\u00e0 di Psicologia di diverse Universit\u00e0 per lo svolgimento del tirocinio formativo post lauream. In particolare, sono convenzionati 3 posti a semestre con l'Universit\u00e0 \"Sapienza\" di Roma. Presso Il Centro \u00e8 possibile effettuare inoltre il tirocinio formativo per la Scuola di specializzazione in psicoterapia.\u2026","rel":"","context":"Articolo simile","img":{"alt_text":"","src":"","width":0,"height":0},"classes":[]}],"_links":{"self":[{"href":"https:\/\/www.iocentro.it\/index.php\/wp-json\/wp\/v2\/pages\/626"}],"collection":[{"href":"https:\/\/www.iocentro.it\/index.php\/wp-json\/wp\/v2\/pages"}],"about":[{"href":"https:\/\/www.iocentro.it\/index.php\/wp-json\/wp\/v2\/types\/page"}],"author":[{"embeddable":true,"href":"https:\/\/www.iocentro.it\/index.php\/wp-json\/wp\/v2\/users\/4"}],"replies":[{"embeddable":true,"href":"https:\/\/www.iocentro.it\/index.php\/wp-json\/wp\/v2\/comments?post=626"}],"version-history":[{"count":8,"href":"https:\/\/www.iocentro.it\/index.php\/wp-json\/wp\/v2\/pages\/626\/revisions"}],"predecessor-version":[{"id":877,"href":"https:\/\/www.iocentro.it\/index.php\/wp-json\/wp\/v2\/pages\/626\/revisions\/877"}],"wp:attachment":[{"href":"https:\/\/www.iocentro.it\/index.php\/wp-json\/wp\/v2\/media?parent=626"}],"curies":[{"name":"wp","href":"https:\/\/api.w.org\/{rel}","templated":true}]}}