{"id":808,"date":"2019-04-30T09:29:01","date_gmt":"2019-04-30T07:29:01","guid":{"rendered":"http:\/\/www.iocentro.it\/?page_id=808"},"modified":"2023-04-18T16:59:32","modified_gmt":"2023-04-18T14:59:32","slug":"lo-staff","status":"publish","type":"page","link":"https:\/\/www.iocentro.it\/index.php\/lo-staff\/","title":{"rendered":"Lo Staff"},"content":{"rendered":"<h4 style=\"text-align: center;\"><strong>Un&#8217;equipe che da molti anni lavora con\u00a0<em>professionalit\u00e0\u00a0<\/em>e\u00a0<em>passione\u00a0<\/em>nell&#8217;ambito delle dipendenze e del disagio psicosociale, in stretta collaborazione con i Servizi territoriali<\/strong><\/h4>\n<p style=\"text-align: center;\"><img data-attachment-id=\"555\" data-permalink=\"https:\/\/www.iocentro.it\/il-centro-onlus-centro-permanente-di-prevenzione-alle-tossicodipendenze-4\/\" data-orig-file=\"https:\/\/i0.wp.com\/www.iocentro.it\/wp-content\/uploads\/2019\/03\/Il-centro-Onlus-Centro-Permanente-di-Prevenzione-alle-Tossicodipendenze-3.png?fit=1024%2C1024&amp;ssl=1\" data-orig-size=\"1024,1024\" data-comments-opened=\"1\" data-image-meta=\"{&quot;aperture&quot;:&quot;0&quot;,&quot;credit&quot;:&quot;&quot;,&quot;camera&quot;:&quot;&quot;,&quot;caption&quot;:&quot;&quot;,&quot;created_timestamp&quot;:&quot;0&quot;,&quot;copyright&quot;:&quot;&quot;,&quot;focal_length&quot;:&quot;0&quot;,&quot;iso&quot;:&quot;0&quot;,&quot;shutter_speed&quot;:&quot;0&quot;,&quot;title&quot;:&quot;&quot;,&quot;orientation&quot;:&quot;0&quot;}\" data-image-title=\"Il centro Onlus Centro Permanente di Prevenzione alle Tossicodipendenze\" data-image-description=\"\" data-image-caption=\"\" data-medium-file=\"https:\/\/i0.wp.com\/www.iocentro.it\/wp-content\/uploads\/2019\/03\/Il-centro-Onlus-Centro-Permanente-di-Prevenzione-alle-Tossicodipendenze-3.png?fit=300%2C300&amp;ssl=1\" data-large-file=\"https:\/\/i0.wp.com\/www.iocentro.it\/wp-content\/uploads\/2019\/03\/Il-centro-Onlus-Centro-Permanente-di-Prevenzione-alle-Tossicodipendenze-3.png?fit=1024%2C1024&amp;ssl=1\" decoding=\"async\" loading=\"lazy\" class=\" wp-image-555 aligncenter\" src=\"https:\/\/i0.wp.com\/www.iocentro.it\/wp-content\/uploads\/2019\/03\/Il-centro-Onlus-Centro-Permanente-di-Prevenzione-alle-Tossicodipendenze-3-300x300.png?resize=259%2C259\" alt=\"\" width=\"259\" height=\"259\" srcset=\"https:\/\/i0.wp.com\/www.iocentro.it\/wp-content\/uploads\/2019\/03\/Il-centro-Onlus-Centro-Permanente-di-Prevenzione-alle-Tossicodipendenze-3.png?resize=300%2C300&amp;ssl=1 300w, https:\/\/i0.wp.com\/www.iocentro.it\/wp-content\/uploads\/2019\/03\/Il-centro-Onlus-Centro-Permanente-di-Prevenzione-alle-Tossicodipendenze-3.png?resize=150%2C150&amp;ssl=1 150w, https:\/\/i0.wp.com\/www.iocentro.it\/wp-content\/uploads\/2019\/03\/Il-centro-Onlus-Centro-Permanente-di-Prevenzione-alle-Tossicodipendenze-3.png?resize=768%2C768&amp;ssl=1 768w, https:\/\/i0.wp.com\/www.iocentro.it\/wp-content\/uploads\/2019\/03\/Il-centro-Onlus-Centro-Permanente-di-Prevenzione-alle-Tossicodipendenze-3.png?resize=160%2C160&amp;ssl=1 160w, https:\/\/i0.wp.com\/www.iocentro.it\/wp-content\/uploads\/2019\/03\/Il-centro-Onlus-Centro-Permanente-di-Prevenzione-alle-Tossicodipendenze-3.png?resize=320%2C320&amp;ssl=1 320w, https:\/\/i0.wp.com\/www.iocentro.it\/wp-content\/uploads\/2019\/03\/Il-centro-Onlus-Centro-Permanente-di-Prevenzione-alle-Tossicodipendenze-3.png?w=1024&amp;ssl=1 1024w\" sizes=\"(max-width: 259px) 100vw, 259px\" data-recalc-dims=\"1\" \/><\/p>\n<p style=\"text-align: center;\"><span style=\"text-decoration: underline; color: #800080;\"><strong>Lo Staff:<\/strong><\/span><\/p>\n<p style=\"text-align: center;\"><em><strong>Vincenzo Grenci<\/strong><\/em> \u25cf Psicoterapeuta<\/p>\n<p style=\"text-align: center;\"><em><strong>Paola Rea<\/strong><\/em> \u25cf Psicoterapeuta<\/p>\n<p style=\"text-align: center;\"><em><strong>Gianluca Di Monte<\/strong><\/em> \u25cf Psicoterapeuta<\/p>\n<p style=\"text-align: center;\"><em><strong>Giulio Perelli<\/strong><\/em> \u25cf Educatore e Psicologo<\/p>\n<p style=\"text-align: center;\"><em><strong>Benedetta Iacaroni<\/strong><\/em> \u25cf Psicoterapeuta Gruppo Famiglia<\/p>\n<p style=\"text-align: center;\"><em><strong>Federica Raimondo<\/strong><\/em> \u25cf Psicoterapeuta<\/p>\n<p style=\"text-align: center;\"><span style=\"text-decoration: underline; color: #800080;\"><strong>Collaboratori esterni:<\/strong><\/span><\/p>\n<p style=\"text-align: center;\">\u25cf Psichiatra<\/p>\n<p style=\"text-align: center;\">\u25cf Assistente Sociale<\/p>\n","protected":false},"excerpt":{"rendered":"<p>Un&#8217;equipe che da molti anni lavora con\u00a0professionalit\u00e0\u00a0e\u00a0passione\u00a0nell&#8217;ambito delle dipendenze e del disagio psicosociale, in stretta collaborazione con i Servizi territoriali Lo Staff: Vincenzo Grenci \u25cf Psicoterapeuta Paola Rea \u25cf Psicoterapeuta Gianluca Di Monte \u25cf&#46;&#46;&#46;<\/p>\n","protected":false},"author":4,"featured_media":0,"parent":0,"menu_order":0,"comment_status":"closed","ping_status":"closed","template":"","meta":{"jetpack_post_was_ever_published":false},"yoast_head":"<!-- This site is optimized with the Yoast SEO plugin v20.4 - https:\/\/yoast.com\/wordpress\/plugins\/seo\/ -->\r\n<title>Lo Staff - IO CENTRO ETS<\/title>\r\n<meta name=\"robots\" content=\"index, follow, max-snippet:-1, max-image-preview:large, max-video-preview:-1\" \/>\r\n<link rel=\"canonical\" href=\"https:\/\/www.iocentro.it\/index.php\/lo-staff\/\" \/>\r\n<meta property=\"og:locale\" content=\"it_IT\" \/>\r\n<meta property=\"og:type\" content=\"article\" \/>\r\n<meta property=\"og:title\" content=\"Lo Staff - IO CENTRO ETS\" \/>\r\n<meta property=\"og:description\" content=\"Un&#8217;equipe che da molti anni lavora con\u00a0professionalit\u00e0\u00a0e\u00a0passione\u00a0nell&#8217;ambito delle dipendenze e del disagio psicosociale, in stretta collaborazione con i Servizi territoriali Lo Staff: Vincenzo Grenci \u25cf Psicoterapeuta Paola Rea \u25cf Psicoterapeuta Gianluca Di Monte \u25cf&#046;&#046;&#046;\" \/>\r\n<meta property=\"og:url\" content=\"https:\/\/www.iocentro.it\/index.php\/lo-staff\/\" \/>\r\n<meta property=\"og:site_name\" content=\"IO CENTRO ETS\" \/>\r\n<meta property=\"article:modified_time\" content=\"2023-04-18T14:59:32+00:00\" \/>\r\n<meta property=\"og:image\" content=\"http:\/\/www.iocentro.it\/wp-content\/uploads\/2019\/03\/Il-centro-Onlus-Centro-Permanente-di-Prevenzione-alle-Tossicodipendenze-3-300x300.png\" \/>\r\n<meta name=\"twitter:card\" content=\"summary_large_image\" \/>\r\n<meta name=\"twitter:label1\" content=\"Tempo di lettura stimato\" \/>\n\t<meta name=\"twitter:data1\" content=\"1 minuto\" \/>\r\n<script type=\"application\/ld+json\" class=\"yoast-schema-graph\">{\"@context\":\"https:\/\/schema.org\",\"@graph\":[{\"@type\":\"WebPage\",\"@id\":\"https:\/\/www.iocentro.it\/index.php\/lo-staff\/\",\"url\":\"https:\/\/www.iocentro.it\/index.php\/lo-staff\/\",\"name\":\"Lo Staff - IO CENTRO ETS\",\"isPartOf\":{\"@id\":\"https:\/\/www.iocentro.it\/#website\"},\"datePublished\":\"2019-04-30T07:29:01+00:00\",\"dateModified\":\"2023-04-18T14:59:32+00:00\",\"breadcrumb\":{\"@id\":\"https:\/\/www.iocentro.it\/index.php\/lo-staff\/#breadcrumb\"},\"inLanguage\":\"it-IT\",\"potentialAction\":[{\"@type\":\"ReadAction\",\"target\":[\"https:\/\/www.iocentro.it\/index.php\/lo-staff\/\"]}]},{\"@type\":\"BreadcrumbList\",\"@id\":\"https:\/\/www.iocentro.it\/index.php\/lo-staff\/#breadcrumb\",\"itemListElement\":[{\"@type\":\"ListItem\",\"position\":1,\"name\":\"Home\",\"item\":\"https:\/\/www.iocentro.it\/\"},{\"@type\":\"ListItem\",\"position\":2,\"name\":\"Lo Staff\"}]},{\"@type\":\"WebSite\",\"@id\":\"https:\/\/www.iocentro.it\/#website\",\"url\":\"https:\/\/www.iocentro.it\/\",\"name\":\"IO CENTRO ETS\",\"description\":\"\",\"publisher\":{\"@id\":\"https:\/\/www.iocentro.it\/#organization\"},\"potentialAction\":[{\"@type\":\"SearchAction\",\"target\":{\"@type\":\"EntryPoint\",\"urlTemplate\":\"https:\/\/www.iocentro.it\/?s={search_term_string}\"},\"query-input\":\"required name=search_term_string\"}],\"inLanguage\":\"it-IT\"},{\"@type\":\"Organization\",\"@id\":\"https:\/\/www.iocentro.it\/#organization\",\"name\":\"Il Centro Onlus\",\"url\":\"https:\/\/www.iocentro.it\/\",\"logo\":{\"@type\":\"ImageObject\",\"inLanguage\":\"it-IT\",\"@id\":\"https:\/\/www.iocentro.it\/#\/schema\/logo\/image\/\",\"url\":\"https:\/\/i0.wp.com\/www.iocentro.it\/wp-content\/uploads\/2016\/11\/11752500_864253846944141_6257452516392300229_n.jpg?fit=200%2C200&ssl=1\",\"contentUrl\":\"https:\/\/i0.wp.com\/www.iocentro.it\/wp-content\/uploads\/2016\/11\/11752500_864253846944141_6257452516392300229_n.jpg?fit=200%2C200&ssl=1\",\"width\":200,\"height\":200,\"caption\":\"Il Centro Onlus\"},\"image\":{\"@id\":\"https:\/\/www.iocentro.it\/#\/schema\/logo\/image\/\"}}]}<\/script>\r\n<!-- \/ Yoast SEO plugin. -->","yoast_head_json":{"title":"Lo Staff - IO CENTRO ETS","robots":{"index":"index","follow":"follow","max-snippet":"max-snippet:-1","max-image-preview":"max-image-preview:large","max-video-preview":"max-video-preview:-1"},"canonical":"https:\/\/www.iocentro.it\/index.php\/lo-staff\/","og_locale":"it_IT","og_type":"article","og_title":"Lo Staff - IO CENTRO ETS","og_description":"Un&#8217;equipe che da molti anni lavora con\u00a0professionalit\u00e0\u00a0e\u00a0passione\u00a0nell&#8217;ambito delle dipendenze e del disagio psicosociale, in stretta collaborazione con i Servizi territoriali Lo Staff: Vincenzo Grenci \u25cf Psicoterapeuta Paola Rea \u25cf Psicoterapeuta Gianluca Di Monte \u25cf&#46;&#46;&#46;","og_url":"https:\/\/www.iocentro.it\/index.php\/lo-staff\/","og_site_name":"IO CENTRO ETS","article_modified_time":"2023-04-18T14:59:32+00:00","og_image":[{"url":"http:\/\/www.iocentro.it\/wp-content\/uploads\/2019\/03\/Il-centro-Onlus-Centro-Permanente-di-Prevenzione-alle-Tossicodipendenze-3-300x300.png"}],"twitter_card":"summary_large_image","twitter_misc":{"Tempo di lettura stimato":"1 minuto"},"schema":{"@context":"https:\/\/schema.org","@graph":[{"@type":"WebPage","@id":"https:\/\/www.iocentro.it\/index.php\/lo-staff\/","url":"https:\/\/www.iocentro.it\/index.php\/lo-staff\/","name":"Lo Staff - IO CENTRO ETS","isPartOf":{"@id":"https:\/\/www.iocentro.it\/#website"},"datePublished":"2019-04-30T07:29:01+00:00","dateModified":"2023-04-18T14:59:32+00:00","breadcrumb":{"@id":"https:\/\/www.iocentro.it\/index.php\/lo-staff\/#breadcrumb"},"inLanguage":"it-IT","potentialAction":[{"@type":"ReadAction","target":["https:\/\/www.iocentro.it\/index.php\/lo-staff\/"]}]},{"@type":"BreadcrumbList","@id":"https:\/\/www.iocentro.it\/index.php\/lo-staff\/#breadcrumb","itemListElement":[{"@type":"ListItem","position":1,"name":"Home","item":"https:\/\/www.iocentro.it\/"},{"@type":"ListItem","position":2,"name":"Lo Staff"}]},{"@type":"WebSite","@id":"https:\/\/www.iocentro.it\/#website","url":"https:\/\/www.iocentro.it\/","name":"IO CENTRO ETS","description":"","publisher":{"@id":"https:\/\/www.iocentro.it\/#organization"},"potentialAction":[{"@type":"SearchAction","target":{"@type":"EntryPoint","urlTemplate":"https:\/\/www.iocentro.it\/?s={search_term_string}"},"query-input":"required name=search_term_string"}],"inLanguage":"it-IT"},{"@type":"Organization","@id":"https:\/\/www.iocentro.it\/#organization","name":"Il Centro Onlus","url":"https:\/\/www.iocentro.it\/","logo":{"@type":"ImageObject","inLanguage":"it-IT","@id":"https:\/\/www.iocentro.it\/#\/schema\/logo\/image\/","url":"https:\/\/i0.wp.com\/www.iocentro.it\/wp-content\/uploads\/2016\/11\/11752500_864253846944141_6257452516392300229_n.jpg?fit=200%2C200&ssl=1","contentUrl":"https:\/\/i0.wp.com\/www.iocentro.it\/wp-content\/uploads\/2016\/11\/11752500_864253846944141_6257452516392300229_n.jpg?fit=200%2C200&ssl=1","width":200,"height":200,"caption":"Il Centro Onlus"},"image":{"@id":"https:\/\/www.iocentro.it\/#\/schema\/logo\/image\/"}}]}},"jetpack_sharing_enabled":true,"jetpack_shortlink":"https:\/\/wp.me\/P8kDNl-d2","jetpack-related-posts":[{"id":614,"url":"https:\/\/www.iocentro.it\/index.php\/tirocini-formativi\/","url_meta":{"origin":808,"position":0},"title":"Tirocini formativi","date":false,"format":false,"excerpt":"Il Centro \u00e8 convenzionato con le Facolt\u00e0 di Psicologia di diverse Universit\u00e0 per lo svolgimento del tirocinio formativo post lauream. In particolare, sono convenzionati 3 posti a semestre con l'Universit\u00e0 \"Sapienza\" di Roma. Presso Il Centro \u00e8 possibile effettuare inoltre il tirocinio formativo per la Scuola di specializzazione in psicoterapia.\u2026","rel":"","context":"Articolo simile","img":{"alt_text":"","src":"","width":0,"height":0},"classes":[]},{"id":406,"url":"https:\/\/www.iocentro.it\/index.php\/centro-tutti-centriamo\/","url_meta":{"origin":808,"position":1},"title":"Io c&#8217;entro, tutti c&#8217;entriamo!","date":false,"format":false,"excerpt":"Verso un'ecologia della mente solidale Abitiamo questo pianeta da millenni e stiamo solo crescendo numericamente. Lo occuperemo fino a farlo scoppiare. Per avere pi\u00f9 spazio non servir\u00e0 sgomitare sullo stomaco dell'altro. Abitare uno spazio non significher\u00e0 mai occuparlo, ma farselo proprio, sentirlo ed amarlo. Una mente sola pu\u00f2 solo tentare\u2026","rel":"","context":"Articolo simile","img":{"alt_text":"","src":"https:\/\/i0.wp.com\/www.iocentro.it\/wp-content\/uploads\/2019\/03\/Il-centro-Onlus-Centro-Permanente-di-Prevenzione-alle-Tossicodipendenze-2-1-300x300.png?resize=350%2C200","width":350,"height":200},"classes":[]},{"id":200,"url":"https:\/\/www.iocentro.it\/index.php\/testimonianze\/","url_meta":{"origin":808,"position":2},"title":"Testimonianze","date":false,"format":false,"excerpt":"\u00a0 Io continuo a far passare le mie\u00a0giornate convinto del fatto che sono vicino alla m\u00e8ta ed in me c\u2019\u00e8 la certezza di essere quasi arrivato. Questo mi rende fiero, ma sento che mi manca qualcosa: la libert\u00e0. Ho iniziato questa giornata veramente col malumore, ma veramente devo dire che\u2026","rel":"","context":"Articolo simile","img":{"alt_text":"","src":"https:\/\/i0.wp.com\/www.iocentro.it\/wp-content\/uploads\/2017\/05\/2017-15-6-17-33-03-300x225.jpeg?resize=350%2C200","width":350,"height":200},"classes":[]}],"_links":{"self":[{"href":"https:\/\/www.iocentro.it\/index.php\/wp-json\/wp\/v2\/pages\/808"}],"collection":[{"href":"https:\/\/www.iocentro.it\/index.php\/wp-json\/wp\/v2\/pages"}],"about":[{"href":"https:\/\/www.iocentro.it\/index.php\/wp-json\/wp\/v2\/types\/page"}],"author":[{"embeddable":true,"href":"https:\/\/www.iocentro.it\/index.php\/wp-json\/wp\/v2\/users\/4"}],"replies":[{"embeddable":true,"href":"https:\/\/www.iocentro.it\/index.php\/wp-json\/wp\/v2\/comments?post=808"}],"version-history":[{"count":10,"href":"https:\/\/www.iocentro.it\/index.php\/wp-json\/wp\/v2\/pages\/808\/revisions"}],"predecessor-version":[{"id":1032,"href":"https:\/\/www.iocentro.it\/index.php\/wp-json\/wp\/v2\/pages\/808\/revisions\/1032"}],"wp:attachment":[{"href":"https:\/\/www.iocentro.it\/index.php\/wp-json\/wp\/v2\/media?parent=808"}],"curies":[{"name":"wp","href":"https:\/\/api.w.org\/{rel}","templated":true}]}}